{"id":881,"date":"2022-06-06T20:03:17","date_gmt":"2022-06-06T20:03:17","guid":{"rendered":"https:\/\/wellnessinmind.ca\/prestations-de-service\/"},"modified":"2022-09-23T14:37:21","modified_gmt":"2022-09-23T14:37:21","slug":"prestations-de-service","status":"publish","type":"page","link":"https:\/\/wellnessinmind.ca\/fr\/prestations-de-service\/","title":{"rendered":"SERVICES"},"content":{"rendered":"<p>&nbsp;<\/p>\n<div class=\"container \">\n<div class=\"row psy_head\">\n<div class=\"col-lg-8 col-md-8 col-sm-6 \">\n<h1>Ce qui rend notre PRATIQUE SP\u00c9CIAL<\/h1>\n<p>Nous sommes un groupe de th\u00e9rapeutes tr\u00e8s attentionn\u00e9s et sympathiques; nous traitons tous nos clients avec gentillesse et respect. Nous avons l&rsquo;expertise et les connaissances n\u00e9cessaires pour vous aider \u00e0 vous rendre l\u00e0 o\u00f9 vous voulez aller et nous mettons cette expertise \u00e0 votre disposition et accessible par notre transparence et notre approche tr\u00e8s humaine.<\/p>\n<p>Gr\u00e2ce \u00e0 l&rsquo;exp\u00e9rience et au d\u00e9vouement de nos th\u00e9rapeutes, nous favoriserons votre bien-\u00eatre dans un partenariat de collaboration avec vous. Dans un environnement favorable et confortable, vous et votre th\u00e9rapeute travaillerez ensemble pour r\u00e9soudre la situation qui a d\u00e9clench\u00e9 votre processus de recherche d&rsquo;aide.<\/p>\n<h1>NOTRE OBJECTIF<\/h1>\n<p>Votre th\u00e9rapeute se consacrera \u00e0 comprendre votre situation de votre point de vue et partagera son exp\u00e9rience et son expertise pour vous aider \u00e0 progresser vers la gu\u00e9rison. Nous travaillerons avec vous afin que vous puissiez g\u00e9rer plus efficacement vos difficult\u00e9s, ce qui vous m\u00e8nera \u00e0 une vie plus heureuse et plus \u00e9panouie.<\/p>\n<p>Nous sommes tr\u00e8s fiers de ce que nous faisons et de la fa\u00e7on dont nous le faisons. Nous nous effor\u00e7ons de fournir des soins de la plus haute qualit\u00e9, reflet de notre souci des personnes et de notre fiert\u00e9 envers la profession de psychologue.<\/p>\n<\/div>\n<div class=\"col-lg-4 col-md-4 col-sm-6 text-center\">\n<p><img loading=\"lazy\" decoding=\"async\" class=\"alignnone wp-image-114 size-medium\" src=\"https:\/\/wellnessinmind.ca\/wp-content\/uploads\/2020\/08\/butterfly_okaqhp-300x266.jpg?cld_params=h_266,w_300\" alt=\"papillon\" width=\"300\" height=\"265\" srcset=\"https:\/\/wellnessinmind.ca\/wp-content\/uploads\/2020\/08\/butterfly_okaqhp-300x266.jpg 300w, https:\/\/wellnessinmind.ca\/wp-content\/uploads\/2020\/08\/butterfly_okaqhp.jpg 307w\" sizes=\"auto, (max-width: 300px) 100vw, 300px\" \/><\/p>\n<\/div>\n<\/div>\n<div class=\"row service_section\">\n<div class=\"col-lg-4 col-sm-3\">\n<h1>SERVICES OFFERTS<\/h1>\n<p>Nous proposons des th\u00e9rapies individuelles et de couple pour<\/p>\n<ul class=\"bullet\">\n<li>Carri\u00e8re<\/li>\n<li>EMDR<\/li>\n<li>Sexoth\u00e9rapie<\/li>\n<li>Traumatisme<\/li>\n<li>Automutilation<\/li>\n<li>Troubles de l&rsquo;alimentation<\/li>\n<li>Anxi\u00e9t\u00e9<\/li>\n<li>D\u00e9pression<\/li>\n<li>Trouble obsessionnel compulsif<\/li>\n<li>LGBTQIA2+<\/li>\n<\/ul>\n<\/div>\n<div class=\"col-lg-8\">\n<h1>NOUS VOUS AIDONS \u00c0 SURMONTER :<\/h1>\n<div class=\"col-md-4 col-sm-3 border_left\">\n<ul>\n<li>Abus &#8211; violence (\u00e9motionnelle, physique, sexuelle)<\/li>\n<li>Difficult\u00e9s scolaires ou adaptation \u00e0 l&rsquo;\u00e9cole<\/li>\n<li>Gestion de la col\u00e8re<\/li>\n<li>Anxi\u00e9t\u00e9 &#8211; Attaques de panique &#8211; Phobies<\/li>\n<li>D\u00e9ficit d&rsquo;attention avec ou sans hyperactivit\u00e9<\/li>\n<li>Probl\u00e8mes de comportement (adolescent)<\/li>\n<li>\u00c9puisement professionnel ou probl\u00e8mes li\u00e9s au travail<\/li>\n<li>Probl\u00e8mes de carri\u00e8re et de travail<\/li>\n<li>Conflit<\/li>\n<\/ul>\n<\/div>\n<div class=\"col-md-4 col-sm-3\">\n<ul>\n<li>Crise<\/li>\n<li>D\u00e9pression<\/li>\n<li>Difficult\u00e9s de d\u00e9veloppement<\/li>\n<li>Troubles de l&rsquo;alimentation<\/li>\n<li>Chagrin, deuil. et la perte<\/li>\n<li>D\u00e9fis interg\u00e9n\u00e9rationnels<\/li>\n<li>Comp\u00e9tences personnelles<\/li>\n<li>Difficult\u00e9s d&rsquo;intimit\u00e9<\/li>\n<li>Transitions de vie<\/li>\n<li>Probl\u00e8mes parentaux<\/li>\n<li>Stress post traumatique<\/li>\n<li>Difficult\u00e9s relationnelles<\/li>\n<\/ul>\n<\/div>\n<div class=\"col-md-4 col-sm-3\">\n<ul>\n<li>Pr\u00e9paration \u00e0 la retraite<\/li>\n<li>Amour propre<\/li>\n<li>S\u00e9paration ou divorce<\/li>\n<li>Orientation sexuelle et identit\u00e9 sexuelle<\/li>\n<li>Difficult\u00e9s sexuelles, dysfonction \u00e9rectile, \u00e9jaculation pr\u00e9coce<\/li>\n<li>Familles monoparentales et\/ou recompos\u00e9es<\/li>\n<li>La gestion du stress<\/li>\n<li>Abus de substances (alcool, drogues)<\/li>\n<li>Traumatisme<\/li>\n<\/ul>\n<\/div>\n<\/div>\n<\/div>\n<\/div>\n<style>\n.paddingT10{\n    display: none;\n}\n<\/style>\n","protected":false},"excerpt":{"rendered":"<p>&nbsp; Ce qui rend notre PRATIQUE SP\u00c9CIAL Nous sommes un groupe de th\u00e9rapeutes tr\u00e8s attentionn\u00e9s et sympathiques; nous traitons tous&#8230;<\/p>\n","protected":false},"author":1,"featured_media":0,"parent":0,"menu_order":0,"comment_status":"closed","ping_status":"closed","template":"","meta":{"footnotes":""},"class_list":["post-881","page","type-page","status-publish","hentry"],"aioseo_notices":[],"_links":{"self":[{"href":"https:\/\/wellnessinmind.ca\/fr\/wp-json\/wp\/v2\/pages\/881","targetHints":{"allow":["GET"]}}],"collection":[{"href":"https:\/\/wellnessinmind.ca\/fr\/wp-json\/wp\/v2\/pages"}],"about":[{"href":"https:\/\/wellnessinmind.ca\/fr\/wp-json\/wp\/v2\/types\/page"}],"author":[{"embeddable":true,"href":"https:\/\/wellnessinmind.ca\/fr\/wp-json\/wp\/v2\/users\/1"}],"replies":[{"embeddable":true,"href":"https:\/\/wellnessinmind.ca\/fr\/wp-json\/wp\/v2\/comments?post=881"}],"version-history":[{"count":12,"href":"https:\/\/wellnessinmind.ca\/fr\/wp-json\/wp\/v2\/pages\/881\/revisions"}],"predecessor-version":[{"id":1178,"href":"https:\/\/wellnessinmind.ca\/fr\/wp-json\/wp\/v2\/pages\/881\/revisions\/1178"}],"wp:attachment":[{"href":"https:\/\/wellnessinmind.ca\/fr\/wp-json\/wp\/v2\/media?parent=881"}],"curies":[{"name":"wp","href":"https:\/\/api.w.org\/{rel}","templated":true}]}}